{"id":72,"date":"2022-04-06T10:34:40","date_gmt":"2022-04-06T10:34:40","guid":{"rendered":"http:\/\/viloclub.com.ar\/?page_id=72"},"modified":"2022-05-06T14:21:23","modified_gmt":"2022-05-06T14:21:23","slug":"karate","status":"publish","type":"page","link":"https:\/\/viloclub.com.ar\/index.php\/karate\/","title":{"rendered":"KARATE"},"content":{"rendered":"\n\n\n  <div class=\"banner-grid-wrapper\">\n  <div id=\"banner-grid-1480945505\" class=\"banner-grid row row-grid row-small\" data-packery-options=\"\">\n                      \n\n<div class=\"col grid-col large-12 grid-col-2-3\" ><div class=\"col-inner\">\n\n\t<div class=\"img has-hover x md-x lg-x y md-y lg-y\" id=\"image_513532080\">\n\t\t\t\t\t\t<div data-animate=\"flipInY\">\t\t<div class=\"img-inner image-zoom dark\" >\n\t\t\t<img loading=\"lazy\" decoding=\"async\" width=\"1020\" height=\"765\" src=\"https:\/\/viloclub.com.ar\/wp-content\/uploads\/2022\/04\/273000770_4744776642303075_2825822183006279839_n-1024x768.jpg\" class=\"attachment-large size-large\" alt=\"\" srcset=\"https:\/\/viloclub.com.ar\/wp-content\/uploads\/2022\/04\/273000770_4744776642303075_2825822183006279839_n-1024x768.jpg 1024w, https:\/\/viloclub.com.ar\/wp-content\/uploads\/2022\/04\/273000770_4744776642303075_2825822183006279839_n-300x225.jpg 300w, https:\/\/viloclub.com.ar\/wp-content\/uploads\/2022\/04\/273000770_4744776642303075_2825822183006279839_n-768x576.jpg 768w, https:\/\/viloclub.com.ar\/wp-content\/uploads\/2022\/04\/273000770_4744776642303075_2825822183006279839_n-600x450.jpg 600w, https:\/\/viloclub.com.ar\/wp-content\/uploads\/2022\/04\/273000770_4744776642303075_2825822183006279839_n.jpg 1080w\" sizes=\"auto, (max-width: 1020px) 100vw, 1020px\" \/>\t\t\t\t\t\t\n\t\t\t\t\t<\/div>\n\t\t<\/div>\t\t\t\t\t\t\n<style>\n#image_513532080 {\n  width: 100%;\n}\n<\/style>\n\t<\/div>\n\t\n\n\n<\/div><\/div>\n<div class=\"col grid-col large-4 grid-col-1-3\" ><div class=\"col-inner\">\n\n\t<div class=\"img has-hover x md-x lg-x y md-y lg-y\" id=\"image_1980625045\">\n\t\t\t\t\t\t<div data-animate=\"flipInY\">\t\t<div class=\"img-inner image-zoom dark\" >\n\t\t\t<img loading=\"lazy\" decoding=\"async\" width=\"601\" height=\"401\" src=\"https:\/\/viloclub.com.ar\/wp-content\/uploads\/2022\/04\/entrenando1.jpg\" class=\"attachment-large size-large\" alt=\"\" srcset=\"https:\/\/viloclub.com.ar\/wp-content\/uploads\/2022\/04\/entrenando1.jpg 601w, https:\/\/viloclub.com.ar\/wp-content\/uploads\/2022\/04\/entrenando1-300x200.jpg 300w\" sizes=\"auto, (max-width: 601px) 100vw, 601px\" \/>\t\t\t\t\t\t\n\t\t\t\t\t<\/div>\n\t\t<\/div>\t\t\t\t\t\t\n<style>\n#image_1980625045 {\n  width: 100%;\n}\n<\/style>\n\t<\/div>\n\t\n\n\n<\/div><\/div>\n<div class=\"col grid-col large-4 grid-col-1-3\" ><div class=\"col-inner\">\n\n\t<div class=\"img has-hover x md-x lg-x y md-y lg-y\" id=\"image_918585710\">\n\t\t\t\t\t\t<div data-animate=\"flipInY\">\t\t<div class=\"img-inner image-zoom dark\" >\n\t\t\t<img loading=\"lazy\" decoding=\"async\" width=\"1020\" height=\"680\" src=\"https:\/\/viloclub.com.ar\/wp-content\/uploads\/2022\/04\/DSC_1625-1024x683.jpg\" class=\"attachment-large size-large\" alt=\"\" srcset=\"https:\/\/viloclub.com.ar\/wp-content\/uploads\/2022\/04\/DSC_1625-1024x683.jpg 1024w, https:\/\/viloclub.com.ar\/wp-content\/uploads\/2022\/04\/DSC_1625-300x200.jpg 300w, https:\/\/viloclub.com.ar\/wp-content\/uploads\/2022\/04\/DSC_1625-768x512.jpg 768w, https:\/\/viloclub.com.ar\/wp-content\/uploads\/2022\/04\/DSC_1625-600x400.jpg 600w, https:\/\/viloclub.com.ar\/wp-content\/uploads\/2022\/04\/DSC_1625.jpg 1258w\" sizes=\"auto, (max-width: 1020px) 100vw, 1020px\" \/>\t\t\t\t\t\t\n\t\t\t\t\t<\/div>\n\t\t<\/div>\t\t\t\t\t\t\n<style>\n#image_918585710 {\n  width: 100%;\n}\n<\/style>\n\t<\/div>\n\t\n\n\n<\/div><\/div>\n<div class=\"col grid-col large-4 grid-col-1-3\" ><div class=\"col-inner\">\n\n\t<div class=\"img has-hover x md-x lg-x y md-y lg-y\" id=\"image_159261410\">\n\t\t\t\t\t\t<div data-animate=\"flipInY\">\t\t<div class=\"img-inner image-zoom dark\" >\n\t\t\t<img loading=\"lazy\" decoding=\"async\" width=\"601\" height=\"401\" src=\"https:\/\/viloclub.com.ar\/wp-content\/uploads\/2022\/04\/entrenando3.jpg\" class=\"attachment-large size-large\" alt=\"\" srcset=\"https:\/\/viloclub.com.ar\/wp-content\/uploads\/2022\/04\/entrenando3.jpg 601w, https:\/\/viloclub.com.ar\/wp-content\/uploads\/2022\/04\/entrenando3-300x200.jpg 300w\" sizes=\"auto, (max-width: 601px) 100vw, 601px\" \/>\t\t\t\t\t\t\n\t\t\t\t\t<\/div>\n\t\t<\/div>\t\t\t\t\t\t\n<style>\n#image_159261410 {\n  width: 100%;\n}\n<\/style>\n\t<\/div>\n\t\n\n\n<\/div><\/div>\n\n            <\/div>\n    <style>\n    #banner-grid-1480945505 .grid-col-1{height: 600px}\n    #banner-grid-1480945505 .grid-col-1-2{height: 300px}\n    #banner-grid-1480945505 .grid-col-1-3{height:200px}\n    #banner-grid-1480945505 .grid-col-2-3{height: 400px}\n    #banner-grid-1480945505 .grid-col-1-4{height: 150px}\n    #banner-grid-1480945505 .grid-col-3-4{height: 450px}\n\n\n    \n    \n\n  <\/style>\n    <\/div>\n  \n\t<div id=\"text-2815304540\" class=\"text\">\n\t\t\n\n<h2 style=\"text-align: center;\">Informes e inscripci\u00f3n<\/h2>\n<p style=\"text-align: center;\"><br \/>Whatsapp: 11-5386-8322<\/p>\n<p style=\"text-align: center;\">Ven\u00ed a hacer 1 clase de prueba gratis. Te esperamos!<\/p>\n<h3 style=\"text-align: center;\">D\u00edas y horarios de entrenamientos<\/h3>\n<p style=\"text-align: center;\">Chicos y chicas hasta 12 a\u00f1os<br \/>Martes y Jueves de 18 a 19hs<\/p>\n<p style=\"text-align: center;\">A cargo de Sensei Diego Rodr\u00edguez, colaborador Jerem\u00edas Rial<\/p>\n<h3 style=\"text-align: center;\">Juveniles y adultos<\/h3>\n<p style=\"text-align: center;\">Martes y Jueves de 19 a 20.15hs \u2013 21hs<\/p>\n<p style=\"text-align: center;\">A cargo de Sensei Diego Rodriguez<br \/>Colaboradores Mateo Calanni y Jerem\u00edas Corzo<\/p>\n<h3 style=\"text-align: center;\">Clase general<\/h3>\n<p style=\"text-align: center;\">S\u00e1bados 11 hs<\/p>\n<p style=\"text-align: center;\">A cargo de Sensei Diego Rodriguez. Colaboradores Jerem\u00edas Corzo, Mateo Calanni y Jerem\u00edas Rial<\/p>\n\t\t\n<style>\n#text-2815304540 {\n  color: rgb(0, 0, 0);\n}\n#text-2815304540 > * {\n  color: rgb(0, 0, 0);\n}\n<\/style>\n\t<\/div>\n\t\n<div class=\"is-divider divider clearfix\" style=\"max-width:100%;height:5px;background-color:rgb(91, 89, 89);\"><\/div>\n\n\t<div id=\"text-4003052672\" class=\"text\">\n\t\t\n\n<h3 class=\"uppercase\" style=\"padding-left: 40px; text-align: center;\">Bienvenidos a nuestro Dojo<\/h3>\n<p style=\"text-align: center;\">Practicamos Karate-Do Kobayashi-Ryu Kyudokan creado por O&#8217;Sensei Yuchoku Higa &#8211; 10mo Dan -. Actualmente nuestro estilo se encuenta liderado a nivel Mundial por Sensei Minoru Higa &#8211; 10mo Dan -. El Tanren Dojo se encuentra ubicado en Vicente L\u00f3pez, Provincia de Buenos Aires.<br \/>El trabajo realizado est\u00e1 basado en la pr\u00e1ctica y ense\u00f1anza de Karate-Do, orientado a ni\u00f1os, j\u00f3venes y adultos de ambos sexos.<br \/>Nos han inculcado desde siempre que el Karate-Do es una &#8220;Forma de Vida&#8221; y no un &#8220;Arte Marcial&#8221; solamente.<\/p>\n<p style=\"text-align: center;\"><strong>NUESTRA MISI\u00d3N<\/strong><br \/>En el Tanren Dojo buscamos difundir el Karate-Do como tradicionalmente lo ense\u00f1aban los antiguos Maestros Okinawenses, resaltando adem\u00e1s los valores principales como Honestidad, Lealtad y Respeto, como as\u00ed tambi\u00e9n Idioma Japon\u00e9s y aspectos culturales de Okinawa y Jap\u00f3n. Las clases est\u00e1n dirigidas a cualquier tipo de persona, a fin que puedan por medio del aprendizaje elevar su nivel de autoestima, desarrollar al m\u00e1ximo sus habilidades y superar sus propias limitaciones. Todo mediante un marco de absoluto respeto.<\/p>\n\t\t\n<style>\n#text-4003052672 {\n  font-size: 1.75rem;\n  line-height: 2;\n}\n<\/style>\n\t<\/div>\n\t\n\n","protected":false},"excerpt":{"rendered":"Informes e inscripci\u00f3n Whatsapp: 11-5386-8322 Ven\u00ed a hacer 1 clase de prueba gratis. Te esperamos! D\u00edas y horarios de entrenamientos Chicos y chicas hasta 12 a\u00f1osMartes y Jueves de 18 a 19hs A cargo de Sensei Diego Rodr\u00edguez, colaborador Jerem\u00edas Rial Juveniles y adultos Martes y Jueves de 19 a 20.15hs \u2013 21hs A cargo [...]","protected":false},"author":1,"featured_media":0,"parent":0,"menu_order":0,"comment_status":"closed","ping_status":"closed","template":"","meta":{"footnotes":""},"class_list":["post-72","page","type-page","status-publish","hentry"],"_links":{"self":[{"href":"https:\/\/viloclub.com.ar\/index.php\/wp-json\/wp\/v2\/pages\/72","targetHints":{"allow":["GET"]}}],"collection":[{"href":"https:\/\/viloclub.com.ar\/index.php\/wp-json\/wp\/v2\/pages"}],"about":[{"href":"https:\/\/viloclub.com.ar\/index.php\/wp-json\/wp\/v2\/types\/page"}],"author":[{"embeddable":true,"href":"https:\/\/viloclub.com.ar\/index.php\/wp-json\/wp\/v2\/users\/1"}],"replies":[{"embeddable":true,"href":"https:\/\/viloclub.com.ar\/index.php\/wp-json\/wp\/v2\/comments?post=72"}],"version-history":[{"count":5,"href":"https:\/\/viloclub.com.ar\/index.php\/wp-json\/wp\/v2\/pages\/72\/revisions"}],"predecessor-version":[{"id":354,"href":"https:\/\/viloclub.com.ar\/index.php\/wp-json\/wp\/v2\/pages\/72\/revisions\/354"}],"wp:attachment":[{"href":"https:\/\/viloclub.com.ar\/index.php\/wp-json\/wp\/v2\/media?parent=72"}],"curies":[{"name":"wp","href":"https:\/\/api.w.org\/{rel}","templated":true}]}}