{"id":17,"date":"2022-04-06T01:20:23","date_gmt":"2022-04-06T01:20:23","guid":{"rendered":"http:\/\/viloclub.com.ar\/?page_id=17"},"modified":"2022-05-06T15:19:34","modified_gmt":"2022-05-06T15:19:34","slug":"inicio","status":"publish","type":"page","link":"https:\/\/viloclub.com.ar\/","title":{"rendered":"INICIO"},"content":{"rendered":"\n<div class=\"slider-wrapper relative\" id=\"slider-1455543414\" >\n    <div class=\"slider slider-nav-circle slider-nav-large slider-nav-light slider-style-normal\"\n        data-flickity-options='{\n            \"cellAlign\": \"center\",\n            \"imagesLoaded\": true,\n            \"lazyLoad\": 1,\n            \"freeScroll\": false,\n            \"wrapAround\": true,\n            \"autoPlay\": 4000,\n            \"pauseAutoPlayOnHover\" : true,\n            \"prevNextButtons\": true,\n            \"contain\" : true,\n            \"adaptiveHeight\" : true,\n            \"dragThreshold\" : 10,\n            \"percentPosition\": true,\n            \"pageDots\": true,\n            \"rightToLeft\": false,\n            \"draggable\": true,\n            \"selectedAttraction\": 0.1,\n            \"parallax\" : 0,\n            \"friction\": 0.6        }'\n        >\n        \n\n\n  <div class=\"banner has-hover has-slide-effect slide-zoom-in\" id=\"banner-344738022\">\n          <div class=\"banner-inner fill\">\n        <div class=\"banner-bg fill\" >\n            <div class=\"bg fill bg-fill \"><\/div>\n                                    \n                    <\/div>\n\t\t\n        <div class=\"banner-layers container\">\n            <div class=\"fill banner-link\"><\/div>            \n\n   <div id=\"text-box-1715198210\" class=\"text-box banner-layer x50 md-x50 lg-x50 y95 md-y95 lg-y95 res-text\">\n                     <div data-animate=\"flipInY\">           <div class=\"text-box-content text dark\">\n              \n              <div class=\"text-inner text-center\">\n                  \n\n<h3 class=\"uppercase\">Club Municipalidad de la Ciudad de Vicente Lopez<\/h3>\n<p>Promovemos a trav\u00e9s de nuestras instalaciones un ambiente familiar, deportivo y social<\/p>\n\n              <\/div>\n           <\/div>\n       <\/div>                     \n<style>\n#text-box-1715198210 .text-box-content {\n  background-color: rgba(27, 45, 30, 0.35);\n  font-size: 100%;\n}\n#text-box-1715198210 {\n  width: 73%;\n}\n<\/style>\n    <\/div>\n \n\n        <\/div>\n      <\/div>\n\n            \n<style>\n#banner-344738022 {\n  padding-top: 500px;\n}\n#banner-344738022 .bg.bg-loaded {\n  background-image: url(https:\/\/viloclub.com.ar\/wp-content\/uploads\/2022\/04\/WhatsApp-Image-2022-04-27-at-2.08.51-PM.jpeg);\n}\n#banner-344738022 .ux-shape-divider--top svg {\n  height: 150px;\n  --divider-top-width: 100%;\n}\n#banner-344738022 .ux-shape-divider--bottom svg {\n  height: 150px;\n  --divider-width: 100%;\n}\n<\/style>\n  <\/div>\n\n\n\n\n  <div class=\"banner has-hover has-slide-effect slide-zoom-out\" id=\"banner-859659921\">\n          <div class=\"banner-inner fill\">\n        <div class=\"banner-bg fill\" >\n            <div class=\"bg fill bg-fill \"><\/div>\n                                    \n                    <\/div>\n\t\t\n        <div class=\"banner-layers container\">\n            <div class=\"fill banner-link\"><\/div>            \n\n   <div id=\"text-box-1698089157\" class=\"text-box banner-layer x50 md-x50 lg-x50 y30 md-y30 lg-y30 res-text\">\n                                <div class=\"text-box-content text dark\">\n              \n              <div class=\"text-inner text-center\">\n                  \n\n<h3 class=\"uppercase\"><strong>temporada de pileta<\/strong><\/h3>\n<p>Una pileta \u00fanica por su forma (circular de 33mts de di\u00e1metro) rodeada de verde y muchas parrillas.<\/p>\n\n              <\/div>\n           <\/div>\n                            \n<style>\n#text-box-1698089157 .text-box-content {\n  background-color: rgba(41, 64, 49, 0.51);\n  font-size: 100%;\n}\n#text-box-1698089157 {\n  width: 60%;\n}\n<\/style>\n    <\/div>\n \n\n        <\/div>\n      <\/div>\n\n            \n<style>\n#banner-859659921 {\n  padding-top: 500px;\n}\n#banner-859659921 .bg.bg-loaded {\n  background-image: url(https:\/\/viloclub.com.ar\/wp-content\/uploads\/2022\/04\/pileta-new.jpg);\n}\n#banner-859659921 .ux-shape-divider--top svg {\n  height: 150px;\n  --divider-top-width: 100%;\n}\n#banner-859659921 .ux-shape-divider--bottom svg {\n  height: 150px;\n  --divider-width: 100%;\n}\n<\/style>\n  <\/div>\n\n\n\n  <div class=\"banner has-hover has-slide-effect slide-zoom-in\" id=\"banner-1539564704\">\n          <div class=\"banner-inner fill\">\n        <div class=\"banner-bg fill\" >\n            <div class=\"bg fill bg-fill \"><\/div>\n                                    \n                    <\/div>\n\t\t\n        <div class=\"banner-layers container\">\n            <div class=\"fill banner-link\"><\/div>            \n\n\n        <\/div>\n      <\/div>\n\n            \n<style>\n#banner-1539564704 {\n  padding-top: 500px;\n}\n#banner-1539564704 .bg.bg-loaded {\n  background-image: url(https:\/\/viloclub.com.ar\/wp-content\/uploads\/2022\/05\/DSC0261-scaled.jpg);\n}\n#banner-1539564704 .bg {\n  background-position: 49% 45%;\n}\n#banner-1539564704 .ux-shape-divider--top svg {\n  height: 150px;\n  --divider-top-width: 100%;\n}\n#banner-1539564704 .ux-shape-divider--bottom svg {\n  height: 150px;\n  --divider-width: 100%;\n}\n<\/style>\n  <\/div>\n\n\n\n  <div class=\"banner has-hover has-slide-effect slide-zoom-in\" id=\"banner-1873188467\">\n          <div class=\"banner-inner fill\">\n        <div class=\"banner-bg fill\" >\n            <div class=\"bg fill bg-fill \"><\/div>\n                                    \n                    <\/div>\n\t\t\n        <div class=\"banner-layers container\">\n            <div class=\"fill banner-link\"><\/div>            \n\n\n        <\/div>\n      <\/div>\n\n            \n<style>\n#banner-1873188467 {\n  padding-top: 500px;\n}\n#banner-1873188467 .bg.bg-loaded {\n  background-image: url(https:\/\/viloclub.com.ar\/wp-content\/uploads\/2022\/05\/DSC0311-scaled.jpg);\n}\n#banner-1873188467 .ux-shape-divider--top svg {\n  height: 150px;\n  --divider-top-width: 100%;\n}\n#banner-1873188467 .ux-shape-divider--bottom svg {\n  height: 150px;\n  --divider-width: 100%;\n}\n<\/style>\n  <\/div>\n\n\n\n  <div class=\"banner has-hover has-slide-effect slide-zoom-in\" id=\"banner-2068612666\">\n          <div class=\"banner-inner fill\">\n        <div class=\"banner-bg fill\" >\n            <div class=\"bg fill bg-fill \"><\/div>\n                                    \n                    <\/div>\n\t\t\n        <div class=\"banner-layers container\">\n            <div class=\"fill banner-link\"><\/div>            \n\n\n        <\/div>\n      <\/div>\n\n            \n<style>\n#banner-2068612666 {\n  padding-top: 500px;\n}\n#banner-2068612666 .bg.bg-loaded {\n  background-image: url(https:\/\/viloclub.com.ar\/wp-content\/uploads\/2022\/05\/vilonoche-scaled.jpg);\n}\n#banner-2068612666 .bg {\n  background-position: 51% 61%;\n}\n#banner-2068612666 .ux-shape-divider--top svg {\n  height: 150px;\n  --divider-top-width: 100%;\n}\n#banner-2068612666 .ux-shape-divider--bottom svg {\n  height: 150px;\n  --divider-width: 100%;\n}\n<\/style>\n  <\/div>\n\n\n\n     <\/div>\n\n     <div class=\"loading-spin dark large centered\"><\/div>\n\n     \t<\/div>\n\n\n<div class=\"text-center\"><div class=\"is-divider divider clearfix\" style=\"margin-top:0.3em;margin-bottom:0.3em;max-width:90%;\"><\/div><\/div>\n\n\n  \n    <div class=\"row large-columns-4 medium-columns-3 small-columns-2 row-small\">\n  \t<\/div>\n\n<div class=\"row row-dashed\"  id=\"row-1205479641\">\n\n\n\t<div id=\"col-1309362371\" class=\"col medium-4 small-12 large-4\"  >\n\t\t\t\t<div class=\"col-inner\"  >\n\t\t\t\n\t\t\t\n\n\t<div class=\"box has-hover   has-hover box-shadow-3 box-push box-text-bottom\" >\n\n\t\t<div class=\"box-image\" style=\"border-radius:10%;\">\n\t\t\t<a href=\"https:\/\/viloclub.com.ar\/index.php\/futbol\/\"  >\t\t\t<div class=\"image-zoom\" >\n\t\t\t\t<img loading=\"lazy\" decoding=\"async\" width=\"1080\" height=\"881\" src=\"https:\/\/viloclub.com.ar\/wp-content\/uploads\/2022\/04\/277798587_2879206365714780_2666038331874350987_n.jpg\" class=\"attachment- size-\" alt=\"\" srcset=\"https:\/\/viloclub.com.ar\/wp-content\/uploads\/2022\/04\/277798587_2879206365714780_2666038331874350987_n.jpg 1080w, https:\/\/viloclub.com.ar\/wp-content\/uploads\/2022\/04\/277798587_2879206365714780_2666038331874350987_n-300x245.jpg 300w, https:\/\/viloclub.com.ar\/wp-content\/uploads\/2022\/04\/277798587_2879206365714780_2666038331874350987_n-1024x835.jpg 1024w, https:\/\/viloclub.com.ar\/wp-content\/uploads\/2022\/04\/277798587_2879206365714780_2666038331874350987_n-768x626.jpg 768w, https:\/\/viloclub.com.ar\/wp-content\/uploads\/2022\/04\/277798587_2879206365714780_2666038331874350987_n-600x489.jpg 600w\" sizes=\"auto, (max-width: 1080px) 100vw, 1080px\" \/>\t\t\t\t\t\t\t\t\t\t\t<\/div>\n\t\t\t<\/a>\t\t<\/div>\n\n\t\t<div class=\"box-text text-center\" >\n\t\t\t<div class=\"box-text-inner\">\n\t\t\t\t\n\n\t<div id=\"text-260713859\" class=\"text\">\n\t\t\n\n<h4>F\u00daTBOL<\/h4>\n<p>Femenino y Masculino<\/p>\n\t\t\n<style>\n#text-260713859 {\n  font-size: 1.25rem;\n}\n<\/style>\n\t<\/div>\n\t\n\n\t\t\t<\/div>\n\t\t<\/div>\n\t<\/div>\n\t\n\n\t\t<\/div>\n\t\t\t\t\t<\/div>\n\n\t\n\n\t<div id=\"col-347189876\" class=\"col medium-4 small-12 large-4\"  >\n\t\t\t\t<div class=\"col-inner\"  >\n\t\t\t\n\t\t\t\n\n\t<div class=\"box has-hover   has-hover box-shadow-3 box-push box-text-bottom\" >\n\n\t\t<div class=\"box-image\" style=\"border-radius:10%;\">\n\t\t\t<a href=\"http:\/\/viloclub.com.ar\/index.php\/karate\/\"  >\t\t\t<div class=\"image-zoom\" >\n\t\t\t\t<img loading=\"lazy\" decoding=\"async\" width=\"930\" height=\"810\" src=\"https:\/\/viloclub.com.ar\/wp-content\/uploads\/2022\/04\/karate.jpg\" class=\"attachment- size-\" alt=\"\" srcset=\"https:\/\/viloclub.com.ar\/wp-content\/uploads\/2022\/04\/karate.jpg 930w, https:\/\/viloclub.com.ar\/wp-content\/uploads\/2022\/04\/karate-300x261.jpg 300w, https:\/\/viloclub.com.ar\/wp-content\/uploads\/2022\/04\/karate-768x669.jpg 768w, https:\/\/viloclub.com.ar\/wp-content\/uploads\/2022\/04\/karate-600x523.jpg 600w\" sizes=\"auto, (max-width: 930px) 100vw, 930px\" \/>\t\t\t\t\t\t\t\t\t\t\t<\/div>\n\t\t\t<\/a>\t\t<\/div>\n\n\t\t<div class=\"box-text text-center\" >\n\t\t\t<div class=\"box-text-inner\">\n\t\t\t\t\n\n\t<div id=\"text-1630685336\" class=\"text\">\n\t\t\n\n<h4>KARATE<\/h4>\n\t\t\n<style>\n#text-1630685336 {\n  font-size: 1.25rem;\n}\n<\/style>\n\t<\/div>\n\t\n\n\t\t\t<\/div>\n\t\t<\/div>\n\t<\/div>\n\t\n\n\t\t<\/div>\n\t\t\t\t\t<\/div>\n\n\t\n\n\t<div id=\"col-1052197398\" class=\"col medium-4 small-12 large-4\"  >\n\t\t\t\t<div class=\"col-inner\"  >\n\t\t\t\n\t\t\t\n\n\t<div class=\"box has-hover   has-hover box-shadow-3 box-push box-text-bottom\" >\n\n\t\t<div class=\"box-image\" style=\"border-radius:10%;\">\n\t\t\t<a href=\"https:\/\/viloclub.com.ar\/index.php\/handball\/\"  >\t\t\t<div class=\"image-zoom\" >\n\t\t\t\t<img loading=\"lazy\" decoding=\"async\" width=\"1123\" height=\"1028\" src=\"https:\/\/viloclub.com.ar\/wp-content\/uploads\/2022\/04\/handball.jpg\" class=\"attachment- size-\" alt=\"\" srcset=\"https:\/\/viloclub.com.ar\/wp-content\/uploads\/2022\/04\/handball.jpg 1123w, https:\/\/viloclub.com.ar\/wp-content\/uploads\/2022\/04\/handball-300x275.jpg 300w, https:\/\/viloclub.com.ar\/wp-content\/uploads\/2022\/04\/handball-1024x937.jpg 1024w, https:\/\/viloclub.com.ar\/wp-content\/uploads\/2022\/04\/handball-768x703.jpg 768w, https:\/\/viloclub.com.ar\/wp-content\/uploads\/2022\/04\/handball-600x549.jpg 600w\" sizes=\"auto, (max-width: 1123px) 100vw, 1123px\" \/>\t\t\t\t\t\t\t\t\t\t\t<\/div>\n\t\t\t<\/a>\t\t<\/div>\n\n\t\t<div class=\"box-text text-center\" >\n\t\t\t<div class=\"box-text-inner\">\n\t\t\t\t\n\n\t<div id=\"text-2520506582\" class=\"text\">\n\t\t\n\n<h4>HANDBALL<\/h4>\n<p>Femenino y Masculino<\/p>\n\t\t\n<style>\n#text-2520506582 {\n  font-size: 1.25rem;\n}\n<\/style>\n\t<\/div>\n\t\n\n\t\t\t<\/div>\n\t\t<\/div>\n\t<\/div>\n\t\n\n\t\t<\/div>\n\t\t\t\t\t<\/div>\n\n\t\n\n\t<div id=\"col-1938968277\" class=\"col medium-4 small-12 large-4\"  >\n\t\t\t\t<div class=\"col-inner\"  >\n\t\t\t\n\t\t\t\n\n\t<div class=\"box has-hover   has-hover box-shadow-3 box-push box-text-bottom\" >\n\n\t\t<div class=\"box-image\" style=\"border-radius:10%;\">\n\t\t\t<a href=\"https:\/\/viloclub.com.ar\/index.php\/hockey-3\/\"  >\t\t\t<div class=\"image-zoom\" >\n\t\t\t\t<img loading=\"lazy\" decoding=\"async\" width=\"1002\" height=\"827\" src=\"https:\/\/viloclub.com.ar\/wp-content\/uploads\/2022\/04\/hockey-2.jpg\" class=\"attachment- size-\" alt=\"\" srcset=\"https:\/\/viloclub.com.ar\/wp-content\/uploads\/2022\/04\/hockey-2.jpg 1002w, https:\/\/viloclub.com.ar\/wp-content\/uploads\/2022\/04\/hockey-2-300x248.jpg 300w, https:\/\/viloclub.com.ar\/wp-content\/uploads\/2022\/04\/hockey-2-768x634.jpg 768w, https:\/\/viloclub.com.ar\/wp-content\/uploads\/2022\/04\/hockey-2-600x495.jpg 600w\" sizes=\"auto, (max-width: 1002px) 100vw, 1002px\" \/>\t\t\t\t\t\t\t\t\t\t\t<\/div>\n\t\t\t<\/a>\t\t<\/div>\n\n\t\t<div class=\"box-text text-center\" >\n\t\t\t<div class=\"box-text-inner\">\n\t\t\t\t\n\n\t<div id=\"text-2194328806\" class=\"text\">\n\t\t\n\n<h4>HOCKEY<\/h4>\n\t\t\n<style>\n#text-2194328806 {\n  font-size: 1.25rem;\n}\n<\/style>\n\t<\/div>\n\t\n\n\t\t\t<\/div>\n\t\t<\/div>\n\t<\/div>\n\t\n\n\t\t<\/div>\n\t\t\t\t\t<\/div>\n\n\t\n\n\t<div id=\"col-908701985\" class=\"col medium-4 small-12 large-4\"  >\n\t\t\t\t<div class=\"col-inner\"  >\n\t\t\t\n\t\t\t\n\n\t<div class=\"box has-hover   has-hover box-shadow-3 box-push box-text-bottom\" >\n\n\t\t<div class=\"box-image\" style=\"border-radius:10%;\">\n\t\t\t<a href=\"https:\/\/viloclub.com.ar\/index.php\/gimnasia-2\/\"  >\t\t\t<div class=\"image-zoom\" >\n\t\t\t\t<img loading=\"lazy\" decoding=\"async\" width=\"1080\" height=\"1080\" src=\"https:\/\/viloclub.com.ar\/wp-content\/uploads\/2022\/04\/gimnasia.jpg\" class=\"attachment- size-\" alt=\"\" srcset=\"https:\/\/viloclub.com.ar\/wp-content\/uploads\/2022\/04\/gimnasia.jpg 1080w, https:\/\/viloclub.com.ar\/wp-content\/uploads\/2022\/04\/gimnasia-300x300.jpg 300w, https:\/\/viloclub.com.ar\/wp-content\/uploads\/2022\/04\/gimnasia-1024x1024.jpg 1024w, https:\/\/viloclub.com.ar\/wp-content\/uploads\/2022\/04\/gimnasia-150x150.jpg 150w, https:\/\/viloclub.com.ar\/wp-content\/uploads\/2022\/04\/gimnasia-768x768.jpg 768w, https:\/\/viloclub.com.ar\/wp-content\/uploads\/2022\/04\/gimnasia-600x600.jpg 600w, https:\/\/viloclub.com.ar\/wp-content\/uploads\/2022\/04\/gimnasia-100x100.jpg 100w\" sizes=\"auto, (max-width: 1080px) 100vw, 1080px\" \/>\t\t\t\t\t\t\t\t\t\t\t<\/div>\n\t\t\t<\/a>\t\t<\/div>\n\n\t\t<div class=\"box-text text-center\" >\n\t\t\t<div class=\"box-text-inner\">\n\t\t\t\t\n\n\t<div id=\"text-2802855134\" class=\"text\">\n\t\t\n\n<h4>GIMNASIA ART\u00cdSTICA<\/h4>\n\t\t\n<style>\n#text-2802855134 {\n  font-size: 1.25rem;\n}\n<\/style>\n\t<\/div>\n\t\n\n\t\t\t<\/div>\n\t\t<\/div>\n\t<\/div>\n\t\n\n\t\t<\/div>\n\t\t\t\t\t<\/div>\n\n\t\n\n\t<div id=\"col-1557610197\" class=\"col medium-4 small-12 large-4\"  >\n\t\t\t\t<div class=\"col-inner\"  >\n\t\t\t\n\t\t\t\n\n\t<div class=\"box has-hover   has-hover box-shadow-3 box-push box-text-bottom\" >\n\n\t\t<div class=\"box-image\" style=\"border-radius:10%;\">\n\t\t\t<a href=\"https:\/\/viloclub.com.ar\/index.php\/rugby\/\"  >\t\t\t<div class=\"image-zoom\" >\n\t\t\t\t<img loading=\"lazy\" decoding=\"async\" width=\"1959\" height=\"1469\" src=\"https:\/\/viloclub.com.ar\/wp-content\/uploads\/2022\/04\/rugby-2.jpg\" class=\"attachment- size-\" alt=\"\" srcset=\"https:\/\/viloclub.com.ar\/wp-content\/uploads\/2022\/04\/rugby-2.jpg 1959w, https:\/\/viloclub.com.ar\/wp-content\/uploads\/2022\/04\/rugby-2-300x225.jpg 300w, https:\/\/viloclub.com.ar\/wp-content\/uploads\/2022\/04\/rugby-2-1024x768.jpg 1024w, https:\/\/viloclub.com.ar\/wp-content\/uploads\/2022\/04\/rugby-2-768x576.jpg 768w, https:\/\/viloclub.com.ar\/wp-content\/uploads\/2022\/04\/rugby-2-1536x1152.jpg 1536w, https:\/\/viloclub.com.ar\/wp-content\/uploads\/2022\/04\/rugby-2-600x450.jpg 600w\" sizes=\"auto, (max-width: 1959px) 100vw, 1959px\" \/>\t\t\t\t\t\t\t\t\t\t\t<\/div>\n\t\t\t<\/a>\t\t<\/div>\n\n\t\t<div class=\"box-text text-center\" >\n\t\t\t<div class=\"box-text-inner\">\n\t\t\t\t\n\n\t<div id=\"text-3695794179\" class=\"text\">\n\t\t\n\n<h4>RUGBY<\/h4>\n\t\t\n<style>\n#text-3695794179 {\n  font-size: 1.25rem;\n}\n<\/style>\n\t<\/div>\n\t\n\n\t\t\t<\/div>\n\t\t<\/div>\n\t<\/div>\n\t\n\n\t\t<\/div>\n\t\t\t\t\t<\/div>\n\n\t\n\n\t<div id=\"col-418389070\" class=\"col medium-4 small-12 large-4\"  >\n\t\t\t\t<div class=\"col-inner\"  >\n\t\t\t\n\t\t\t\n\n\t<div class=\"box has-hover   has-hover box-shadow-3 box-push box-text-bottom\" >\n\n\t\t<div class=\"box-image\" style=\"border-radius:10%;\">\n\t\t\t\t\t\t<div class=\"image-zoom\" >\n\t\t\t\t<img loading=\"lazy\" decoding=\"async\" width=\"1080\" height=\"1080\" src=\"https:\/\/viloclub.com.ar\/wp-content\/uploads\/2022\/04\/51211745_293872937959513_273784845695565163_n.jpg\" class=\"attachment- size-\" alt=\"\" srcset=\"https:\/\/viloclub.com.ar\/wp-content\/uploads\/2022\/04\/51211745_293872937959513_273784845695565163_n.jpg 1080w, https:\/\/viloclub.com.ar\/wp-content\/uploads\/2022\/04\/51211745_293872937959513_273784845695565163_n-300x300.jpg 300w, https:\/\/viloclub.com.ar\/wp-content\/uploads\/2022\/04\/51211745_293872937959513_273784845695565163_n-1024x1024.jpg 1024w, https:\/\/viloclub.com.ar\/wp-content\/uploads\/2022\/04\/51211745_293872937959513_273784845695565163_n-150x150.jpg 150w, https:\/\/viloclub.com.ar\/wp-content\/uploads\/2022\/04\/51211745_293872937959513_273784845695565163_n-768x768.jpg 768w, https:\/\/viloclub.com.ar\/wp-content\/uploads\/2022\/04\/51211745_293872937959513_273784845695565163_n-600x600.jpg 600w, https:\/\/viloclub.com.ar\/wp-content\/uploads\/2022\/04\/51211745_293872937959513_273784845695565163_n-100x100.jpg 100w\" sizes=\"auto, (max-width: 1080px) 100vw, 1080px\" \/>\t\t\t\t\t\t\t\t\t\t\t<\/div>\n\t\t\t\t\t<\/div>\n\n\t\t<div class=\"box-text text-center\" >\n\t\t\t<div class=\"box-text-inner\">\n\t\t\t\t\n\n\t<div id=\"text-3355010946\" class=\"text\">\n\t\t\n\n<h4 style=\"text-align: center;\">BEACH<\/h4>\n\t\t\n<style>\n#text-3355010946 {\n  font-size: 1.25rem;\n  text-align: center;\n}\n<\/style>\n\t<\/div>\n\t\n\n\t\t\t<\/div>\n\t\t<\/div>\n\t<\/div>\n\t\n\n\t\t<\/div>\n\t\t\t\t\t<\/div>\n\n\t\n\n<\/div>\n<div class=\"text-center\"><div class=\"is-divider divider clearfix\" style=\"margin-top:0.3em;margin-bottom:0.3em;max-width:90%;\"><\/div><\/div>\n\n\n\n\n<iframe src=\"https:\/\/www.google.com\/maps\/embed?pb=!1m14!1m8!1m3!1d1898.9496462817665!2d-58.472838506715654!3d-34.522628174452294!3m2!1i1024!2i768!4f13.1!3m3!1m2!1s0x95bcb152e3e418dd%3A0x7e31d759671c290b!2sJuan%20Carlos%20Cruz%201175%2C%20B1638BHC%20Vicente%20L%C3%B3pez%2C%20Provincia%20de%20Buenos%20Aires%2C%20Argentina!5e0!3m2!1ses-419!2sus!4v1649402869190!5m2!1ses-419!2sus\" width=\"1920\" height=\"300\" style=\"border:0;\" allowfullscreen=\"\" loading=\"lazy\" referrerpolicy=\"no-referrer-when-downgrade\"><\/iframe>\n\n\n","protected":false},"excerpt":{"rendered":"Club Municipalidad de la Ciudad de Vicente Lopez Promovemos a trav\u00e9s de nuestras instalaciones un ambiente familiar, deportivo y social temporada de pileta Una pileta \u00fanica por su forma (circular de 33mts de di\u00e1metro) rodeada de verde y muchas parrillas. F\u00daTBOL Femenino y Masculino KARATE HANDBALL Femenino y Masculino HOCKEY GIMNASIA ART\u00cdSTICA RUGBY BEACH","protected":false},"author":1,"featured_media":21,"parent":0,"menu_order":0,"comment_status":"closed","ping_status":"closed","template":"","meta":{"footnotes":""},"class_list":["post-17","page","type-page","status-publish","has-post-thumbnail","hentry"],"_links":{"self":[{"href":"https:\/\/viloclub.com.ar\/index.php\/wp-json\/wp\/v2\/pages\/17","targetHints":{"allow":["GET"]}}],"collection":[{"href":"https:\/\/viloclub.com.ar\/index.php\/wp-json\/wp\/v2\/pages"}],"about":[{"href":"https:\/\/viloclub.com.ar\/index.php\/wp-json\/wp\/v2\/types\/page"}],"author":[{"embeddable":true,"href":"https:\/\/viloclub.com.ar\/index.php\/wp-json\/wp\/v2\/users\/1"}],"replies":[{"embeddable":true,"href":"https:\/\/viloclub.com.ar\/index.php\/wp-json\/wp\/v2\/comments?post=17"}],"version-history":[{"count":44,"href":"https:\/\/viloclub.com.ar\/index.php\/wp-json\/wp\/v2\/pages\/17\/revisions"}],"predecessor-version":[{"id":362,"href":"https:\/\/viloclub.com.ar\/index.php\/wp-json\/wp\/v2\/pages\/17\/revisions\/362"}],"wp:featuredmedia":[{"embeddable":true,"href":"https:\/\/viloclub.com.ar\/index.php\/wp-json\/wp\/v2\/media\/21"}],"wp:attachment":[{"href":"https:\/\/viloclub.com.ar\/index.php\/wp-json\/wp\/v2\/media?parent=17"}],"curies":[{"name":"wp","href":"https:\/\/api.w.org\/{rel}","templated":true}]}}