{"id":162,"date":"2022-04-12T16:30:13","date_gmt":"2022-04-12T16:30:13","guid":{"rendered":"http:\/\/viloclub.com.ar\/?page_id=162"},"modified":"2024-01-31T04:32:34","modified_gmt":"2024-01-31T04:32:34","slug":"futbol","status":"publish","type":"page","link":"https:\/\/viloclub.com.ar\/index.php\/futbol\/","title":{"rendered":"F\u00daTBOL"},"content":{"rendered":"\n\t<div id=\"gap-861421281\" class=\"gap-element clearfix\" style=\"display:block; height:auto;\">\n\t\t\n<style>\n#gap-861421281 {\n  padding-top: 30px;\n}\n<\/style>\n\t<\/div>\n\t\n\n  <div class=\"banner-grid-wrapper\">\n  <div id=\"banner-grid-1207132219\" class=\"banner-grid row row-grid row-small\" data-packery-options=\"\">\n                      \n\n<div class=\"col grid-col small-12 large-9 grid-col-1\" ><div class=\"col-inner box-shadow-1\">\n\n<div class=\"slider-wrapper relative\" id=\"slider-638354853\" >\n    <div class=\"slider slider-nav-circle slider-nav-large slider-nav-light slider-style-normal\"\n        data-flickity-options='{\n            \"cellAlign\": \"center\",\n            \"imagesLoaded\": true,\n            \"lazyLoad\": 1,\n            \"freeScroll\": false,\n            \"wrapAround\": true,\n            \"autoPlay\": 2700,\n            \"pauseAutoPlayOnHover\" : true,\n            \"prevNextButtons\": true,\n            \"contain\" : true,\n            \"adaptiveHeight\" : true,\n            \"dragThreshold\" : 10,\n            \"percentPosition\": true,\n            \"pageDots\": true,\n            \"rightToLeft\": false,\n            \"draggable\": true,\n            \"selectedAttraction\": 0.1,\n            \"parallax\" : 0,\n            \"friction\": 0.6        }'\n        >\n        \n\n\n  <div class=\"banner has-hover bg-zoom-fade\" id=\"banner-97122504\">\n          <div class=\"banner-inner fill\">\n        <div class=\"banner-bg fill\" >\n            <div class=\"bg fill bg-fill \"><\/div>\n                                    \n                    <\/div>\n\t\t\n        <div class=\"banner-layers container\">\n            <div class=\"fill banner-link\"><\/div>            \n\n   <div id=\"text-box-1377175313\" class=\"text-box banner-layer x15 md-x80 lg-x80 y10 md-y10 lg-y10 res-text\">\n                                <div class=\"text-box-content text text-shadow-2\">\n              \n              <div class=\"text-inner text-left\">\n                  \n\n<p class=\"lead alt-font\" style=\"text-align: center;\"><span style=\"font-size: 250%; color: #ffffff;\">F\u00fatbol&#8230;<\/span><\/p>\n<h2 class=\"uppercase\" style=\"text-align: center;\"><span style=\"font-size: 130%; color: #ffffff;\"><strong>MASCULINO<\/strong><\/span><\/h2>\n<div class=\"is-divider divider clearfix\" ><\/div>\n\n\n              <\/div>\n           <\/div>\n                            \n<style>\n#text-box-1377175313 {\n  width: 50%;\n}\n#text-box-1377175313 .text-box-content {\n  font-size: 99%;\n}\n<\/style>\n    <\/div>\n \n\n        <\/div>\n      <\/div>\n\n            \n<style>\n#banner-97122504 {\n  padding-top: 500px;\n  background-color: rgb(255, 255, 255);\n}\n#banner-97122504 .bg.bg-loaded {\n  background-image: url(https:\/\/viloclub.com.ar\/wp-content\/uploads\/2022\/04\/278191804_677737400163235_1519665225799184858_n-1024x667.jpg);\n}\n#banner-97122504 .bg {\n  background-position: 50% 34%;\n}\n#banner-97122504 .ux-shape-divider--top svg {\n  height: 150px;\n  --divider-top-width: 100%;\n}\n#banner-97122504 .ux-shape-divider--bottom svg {\n  height: 150px;\n  --divider-width: 100%;\n}\n<\/style>\n  <\/div>\n\n\n\n  <div class=\"banner has-hover bg-zoom-fade\" id=\"banner-2035919914\">\n          <div class=\"banner-inner fill\">\n        <div class=\"banner-bg fill\" >\n            <div class=\"bg fill bg-fill \"><\/div>\n                                    \n                    <\/div>\n\t\t\n        <div class=\"banner-layers container\">\n            <div class=\"fill banner-link\"><\/div>            \n\n   <div id=\"text-box-1202230714\" class=\"text-box banner-layer x15 md-x80 lg-x80 y10 md-y100 lg-y100 res-text\">\n                                <div class=\"text-box-content text text-shadow-2\">\n              \n              <div class=\"text-inner text-left\">\n                  \n\n<p class=\"lead alt-font\" style=\"text-align: center;\"><span style=\"font-size: 250%; color: #ffffff;\">F\u00fatbol&#8230;<\/span><\/p>\n<h2 class=\"uppercase\" style=\"text-align: center;\"><span style=\"font-size: 130%; color: #ffffff;\"><strong>FEMENINO<\/strong><\/span><\/h2>\n<div class=\"is-divider divider clearfix\" ><\/div>\n\n\n              <\/div>\n           <\/div>\n                            \n<style>\n#text-box-1202230714 {\n  width: 50%;\n}\n#text-box-1202230714 .text-box-content {\n  font-size: 99%;\n}\n<\/style>\n    <\/div>\n \n\n        <\/div>\n      <\/div>\n\n            \n<style>\n#banner-2035919914 {\n  padding-top: 500px;\n  background-color: rgb(255, 255, 255);\n}\n#banner-2035919914 .bg.bg-loaded {\n  background-image: url(https:\/\/viloclub.com.ar\/wp-content\/uploads\/2022\/04\/278141079_2578326645644332_352764367337160246_n.jpg);\n}\n#banner-2035919914 .bg {\n  background-position: 50% 51%;\n}\n#banner-2035919914 .ux-shape-divider--top svg {\n  height: 150px;\n  --divider-top-width: 100%;\n}\n#banner-2035919914 .ux-shape-divider--bottom svg {\n  height: 150px;\n  --divider-width: 100%;\n}\n<\/style>\n  <\/div>\n\n\n\n  <div class=\"banner has-hover\" id=\"banner-1803842370\">\n          <div class=\"banner-inner fill\">\n        <div class=\"banner-bg fill\" >\n            <div class=\"bg fill bg-fill \"><\/div>\n                        <div class=\"overlay\"><\/div>            \n                    <\/div>\n\t\t\n        <div class=\"banner-layers container\">\n            <div class=\"fill banner-link\"><\/div>            \n\n   <div id=\"text-box-592928662\" class=\"text-box banner-layer x50 md-x50 lg-x50 y5 md-y5 lg-y5 res-text\">\n                                <div class=\"text-box-content text dark text-shadow-2\">\n              \n              <div class=\"text-inner text-center\">\n                  \n\n<h2 class=\"uppercase\" style=\"text-align: center;\">TODAS LAS EDADES<\/h2>\n<h3>&nbsp;<\/h3>\n<h3 style=\"text-align: center;\">COMPA\u00d1ERISMO Y CAMADARERIA<\/h3>\n\n              <\/div>\n           <\/div>\n                            \n<style>\n#text-box-592928662 {\n  width: 60%;\n}\n#text-box-592928662 .text-box-content {\n  font-size: 100%;\n}\n<\/style>\n    <\/div>\n \n\n        <\/div>\n      <\/div>\n\n            \n<style>\n#banner-1803842370 {\n  padding-top: 500px;\n}\n#banner-1803842370 .bg.bg-loaded {\n  background-image: url(https:\/\/viloclub.com.ar\/wp-content\/uploads\/2022\/04\/DSC_0060-1024x720.jpg);\n}\n#banner-1803842370 .overlay {\n  background-color: rgba(0, 0, 0, 0.17);\n}\n#banner-1803842370 .bg {\n  background-position: 49% 40%;\n}\n#banner-1803842370 .ux-shape-divider--top svg {\n  height: 150px;\n  --divider-top-width: 100%;\n}\n#banner-1803842370 .ux-shape-divider--bottom svg {\n  height: 150px;\n  --divider-width: 100%;\n}\n<\/style>\n  <\/div>\n\n\n\n     <\/div>\n\n     <div class=\"loading-spin dark large centered\"><\/div>\n\n     \t<\/div>\n\n\n\n<\/div><\/div>\n<div class=\"col grid-col small-12 large-3 grid-col-1-2\" ><div class=\"col-inner box-shadow-1\">\n\n<div class=\"slider-wrapper relative\" id=\"slider-2089421236\" >\n    <div class=\"slider slider-type-fade slider-nav-circle slider-nav-large slider-nav-light slider-style-normal\"\n        data-flickity-options='{\n            \"cellAlign\": \"center\",\n            \"imagesLoaded\": true,\n            \"lazyLoad\": 1,\n            \"freeScroll\": false,\n            \"wrapAround\": true,\n            \"autoPlay\": 2700,\n            \"pauseAutoPlayOnHover\" : true,\n            \"prevNextButtons\": false,\n            \"contain\" : true,\n            \"adaptiveHeight\" : true,\n            \"dragThreshold\" : 10,\n            \"percentPosition\": true,\n            \"pageDots\": true,\n            \"rightToLeft\": false,\n            \"draggable\": true,\n            \"selectedAttraction\": 0.1,\n            \"parallax\" : 0,\n            \"friction\": 0.6        }'\n        >\n        \n\n\n  <div class=\"banner has-hover bg-zoom-fade has-slide-effect slide-zoom-out-fast\" id=\"banner-2137958796\">\n          <div class=\"banner-inner fill\">\n        <div class=\"banner-bg fill\" >\n            <div class=\"bg fill bg-fill \"><\/div>\n                                    \n                    <\/div>\n\t\t\n        <div class=\"banner-layers container\">\n            <div class=\"fill banner-link\"><\/div>            \n\n\n        <\/div>\n      <\/div>\n\n            \n<style>\n#banner-2137958796 {\n  padding-top: 500px;\n}\n#banner-2137958796 .bg.bg-loaded {\n  background-image: url(https:\/\/viloclub.com.ar\/wp-content\/uploads\/2022\/04\/278157480_1388766084882539_5114080672425181815_n-300x300.jpg);\n}\n#banner-2137958796 .ux-shape-divider--top svg {\n  height: 150px;\n  --divider-top-width: 100%;\n}\n#banner-2137958796 .ux-shape-divider--bottom svg {\n  height: 150px;\n  --divider-width: 100%;\n}\n<\/style>\n  <\/div>\n\n\n\n  <div class=\"banner has-hover has-slide-effect slide-zoom-out-fast\" id=\"banner-840459169\">\n          <div class=\"banner-inner fill\">\n        <div class=\"banner-bg fill\" >\n            <div class=\"bg fill bg-fill \"><\/div>\n                                    \n                    <\/div>\n\t\t\n        <div class=\"banner-layers container\">\n            <div class=\"fill banner-link\"><\/div>            \n\n\n        <\/div>\n      <\/div>\n\n            \n<style>\n#banner-840459169 {\n  padding-top: 500px;\n}\n#banner-840459169 .bg.bg-loaded {\n  background-image: url(https:\/\/viloclub.com.ar\/wp-content\/uploads\/2022\/04\/278157480_1388766084882539_5114080672425181815_n-1.jpg);\n}\n#banner-840459169 .ux-shape-divider--top svg {\n  height: 150px;\n  --divider-top-width: 100%;\n}\n#banner-840459169 .ux-shape-divider--bottom svg {\n  height: 150px;\n  --divider-width: 100%;\n}\n<\/style>\n  <\/div>\n\n\n\n  <div class=\"banner has-hover has-slide-effect slide-zoom-out-fast\" id=\"banner-377568251\">\n          <div class=\"banner-inner fill\">\n        <div class=\"banner-bg fill\" >\n            <div class=\"bg fill bg-fill \"><\/div>\n                                    \n                    <\/div>\n\t\t\n        <div class=\"banner-layers container\">\n            <div class=\"fill banner-link\"><\/div>            \n\n\n        <\/div>\n      <\/div>\n\n            \n<style>\n#banner-377568251 {\n  padding-top: 500px;\n}\n#banner-377568251 .bg.bg-loaded {\n  background-image: url(https:\/\/viloclub.com.ar\/wp-content\/uploads\/2022\/04\/272302625_304291145076035_3210477180526417358_n.jpg);\n}\n#banner-377568251 .ux-shape-divider--top svg {\n  height: 150px;\n  --divider-top-width: 100%;\n}\n#banner-377568251 .ux-shape-divider--bottom svg {\n  height: 150px;\n  --divider-width: 100%;\n}\n<\/style>\n  <\/div>\n\n\n\n  <div class=\"banner has-hover has-slide-effect slide-zoom-out-fast\" id=\"banner-2140912690\">\n          <div class=\"banner-inner fill\">\n        <div class=\"banner-bg fill\" >\n            <div class=\"bg fill bg-fill \"><\/div>\n                                    \n                    <\/div>\n\t\t\n        <div class=\"banner-layers container\">\n            <div class=\"fill banner-link\"><\/div>            \n\n\n        <\/div>\n      <\/div>\n\n            \n<style>\n#banner-2140912690 {\n  padding-top: 500px;\n}\n#banner-2140912690 .bg.bg-loaded {\n  background-image: url(https:\/\/viloclub.com.ar\/wp-content\/uploads\/2022\/04\/272522476_221887966818816_4877892451899284913_n.jpg);\n}\n#banner-2140912690 .ux-shape-divider--top svg {\n  height: 150px;\n  --divider-top-width: 100%;\n}\n#banner-2140912690 .ux-shape-divider--bottom svg {\n  height: 150px;\n  --divider-width: 100%;\n}\n<\/style>\n  <\/div>\n\n\n\n  <div class=\"banner has-hover has-slide-effect slide-zoom-out-fast\" id=\"banner-2105829013\">\n          <div class=\"banner-inner fill\">\n        <div class=\"banner-bg fill\" >\n            <div class=\"bg fill bg-fill \"><\/div>\n                                    \n                    <\/div>\n\t\t\n        <div class=\"banner-layers container\">\n            <div class=\"fill banner-link\"><\/div>            \n\n\n        <\/div>\n      <\/div>\n\n            \n<style>\n#banner-2105829013 {\n  padding-top: 500px;\n}\n#banner-2105829013 .bg.bg-loaded {\n  background-image: url(https:\/\/viloclub.com.ar\/wp-content\/uploads\/2022\/04\/274104362_1307379869772557_59439864660383742_n.jpg);\n}\n#banner-2105829013 .ux-shape-divider--top svg {\n  height: 150px;\n  --divider-top-width: 100%;\n}\n#banner-2105829013 .ux-shape-divider--bottom svg {\n  height: 150px;\n  --divider-width: 100%;\n}\n<\/style>\n  <\/div>\n\n\n\n     <\/div>\n\n     <div class=\"loading-spin dark large centered\"><\/div>\n\n     \t<\/div>\n\n\n\n<\/div><\/div>\n<div class=\"col grid-col small-13 large-3 grid-col-1-2\" ><div class=\"col-inner box-shadow-1\">\n\n<div class=\"slider-wrapper relative\" id=\"slider-36962638\" >\n    <div class=\"slider slider-type-fade slider-nav-circle slider-nav-large slider-nav-light slider-style-normal\"\n        data-flickity-options='{\n            \"cellAlign\": \"center\",\n            \"imagesLoaded\": true,\n            \"lazyLoad\": 1,\n            \"freeScroll\": false,\n            \"wrapAround\": true,\n            \"autoPlay\": 2900,\n            \"pauseAutoPlayOnHover\" : true,\n            \"prevNextButtons\": false,\n            \"contain\" : true,\n            \"adaptiveHeight\" : true,\n            \"dragThreshold\" : 10,\n            \"percentPosition\": true,\n            \"pageDots\": true,\n            \"rightToLeft\": false,\n            \"draggable\": true,\n            \"selectedAttraction\": 0.1,\n            \"parallax\" : 0,\n            \"friction\": 0.6        }'\n        >\n        \n\n\n  <div class=\"banner has-hover\" id=\"banner-1874978706\">\n          <div class=\"banner-inner fill\">\n        <div class=\"banner-bg fill\" >\n            <div class=\"bg fill bg-fill \"><\/div>\n                                    \n                    <\/div>\n\t\t\n        <div class=\"banner-layers container\">\n            <div class=\"fill banner-link\"><\/div>            \n\n\n        <\/div>\n      <\/div>\n\n            \n<style>\n#banner-1874978706 {\n  padding-top: 500px;\n}\n#banner-1874978706 .bg.bg-loaded {\n  background-image: url(https:\/\/viloclub.com.ar\/wp-content\/uploads\/2022\/04\/272464513_615416036210575_4245145407607069689_n.jpg);\n}\n#banner-1874978706 .ux-shape-divider--top svg {\n  height: 150px;\n  --divider-top-width: 100%;\n}\n#banner-1874978706 .ux-shape-divider--bottom svg {\n  height: 150px;\n  --divider-width: 100%;\n}\n<\/style>\n  <\/div>\n\n\n\n  <div class=\"banner has-hover bg-zoom-fade\" id=\"banner-874230543\">\n          <div class=\"banner-inner fill\">\n        <div class=\"banner-bg fill\" >\n            <div class=\"bg fill bg-fill \"><\/div>\n                                    \n                    <\/div>\n\t\t\n        <div class=\"banner-layers container\">\n            <div class=\"fill banner-link\"><\/div>            \n\n\n        <\/div>\n      <\/div>\n\n            \n<style>\n#banner-874230543 {\n  padding-top: 500px;\n}\n#banner-874230543 .bg.bg-loaded {\n  background-image: url(https:\/\/viloclub.com.ar\/wp-content\/uploads\/2022\/04\/275466913_1614207438963628_8558319663032388446_n-300x300.jpg);\n}\n#banner-874230543 .ux-shape-divider--top svg {\n  height: 150px;\n  --divider-top-width: 100%;\n}\n#banner-874230543 .ux-shape-divider--bottom svg {\n  height: 150px;\n  --divider-width: 100%;\n}\n<\/style>\n  <\/div>\n\n\n\n  <div class=\"banner has-hover has-slide-effect slide-zoom-out-fast\" id=\"banner-1965900274\">\n          <div class=\"banner-inner fill\">\n        <div class=\"banner-bg fill\" >\n            <div class=\"bg fill bg-fill \"><\/div>\n                                    \n                    <\/div>\n\t\t\n        <div class=\"banner-layers container\">\n            <div class=\"fill banner-link\"><\/div>            \n\n\n        <\/div>\n      <\/div>\n\n            \n<style>\n#banner-1965900274 {\n  padding-top: 500px;\n}\n#banner-1965900274 .bg.bg-loaded {\n  background-image: url(https:\/\/viloclub.com.ar\/wp-content\/uploads\/2022\/04\/277983830_659330571793474_8124056643119621320_n-1024x1024.jpg);\n}\n#banner-1965900274 .ux-shape-divider--top svg {\n  height: 150px;\n  --divider-top-width: 100%;\n}\n#banner-1965900274 .ux-shape-divider--bottom svg {\n  height: 150px;\n  --divider-width: 100%;\n}\n<\/style>\n  <\/div>\n\n\n\n  <div class=\"banner has-hover bg-zoom-fade\" id=\"banner-123237765\">\n          <div class=\"banner-inner fill\">\n        <div class=\"banner-bg fill\" >\n            <div class=\"bg fill bg-fill \"><\/div>\n                                    \n                    <\/div>\n\t\t\n        <div class=\"banner-layers container\">\n            <div class=\"fill banner-link\"><\/div>            \n\n\n        <\/div>\n      <\/div>\n\n            \n<style>\n#banner-123237765 {\n  padding-top: 500px;\n}\n#banner-123237765 .bg.bg-loaded {\n  background-image: url(https:\/\/viloclub.com.ar\/wp-content\/uploads\/2022\/04\/277993323_2012045942301423_4135371435247074798_n-300x300.jpg);\n}\n#banner-123237765 .ux-shape-divider--top svg {\n  height: 150px;\n  --divider-top-width: 100%;\n}\n#banner-123237765 .ux-shape-divider--bottom svg {\n  height: 150px;\n  --divider-width: 100%;\n}\n<\/style>\n  <\/div>\n\n\n\n  <div class=\"banner has-hover has-slide-effect slide-zoom-out-fast\" id=\"banner-1882303396\">\n          <div class=\"banner-inner fill\">\n        <div class=\"banner-bg fill\" >\n            <div class=\"bg fill bg-fill \"><\/div>\n                                    \n                    <\/div>\n\t\t\n        <div class=\"banner-layers container\">\n            <div class=\"fill banner-link\"><\/div>            \n\n\n        <\/div>\n      <\/div>\n\n            \n<style>\n#banner-1882303396 {\n  padding-top: 500px;\n}\n#banner-1882303396 .bg.bg-loaded {\n  background-image: url(https:\/\/viloclub.com.ar\/wp-content\/uploads\/2022\/04\/277931100_2126022587554226_2818810031855309664_n.jpg);\n}\n#banner-1882303396 .ux-shape-divider--top svg {\n  height: 150px;\n  --divider-top-width: 100%;\n}\n#banner-1882303396 .ux-shape-divider--bottom svg {\n  height: 150px;\n  --divider-width: 100%;\n}\n<\/style>\n  <\/div>\n\n\n\n     <\/div>\n\n     <div class=\"loading-spin dark large centered\"><\/div>\n\n     \t<\/div>\n\n\n<div class=\"slider-wrapper relative\" id=\"slider-2054832887\" >\n    <div class=\"slider slider-nav-circle slider-nav-large slider-nav-light slider-style-normal\"\n        data-flickity-options='{\n            \"cellAlign\": \"center\",\n            \"imagesLoaded\": true,\n            \"lazyLoad\": 1,\n            \"freeScroll\": false,\n            \"wrapAround\": true,\n            \"autoPlay\": 2000,\n            \"pauseAutoPlayOnHover\" : true,\n            \"prevNextButtons\": true,\n            \"contain\" : true,\n            \"adaptiveHeight\" : true,\n            \"dragThreshold\" : 10,\n            \"percentPosition\": true,\n            \"pageDots\": true,\n            \"rightToLeft\": false,\n            \"draggable\": true,\n            \"selectedAttraction\": 0.1,\n            \"parallax\" : 0,\n            \"friction\": 0.6        }'\n        >\n        \n\n\n     <\/div>\n\n     <div class=\"loading-spin dark large centered\"><\/div>\n\n     \t<\/div>\n\n\n\n<\/div><\/div>\n\n            <\/div>\n    <style>\n    #banner-grid-1207132219 .grid-col-1{height: 575px}\n    #banner-grid-1207132219 .grid-col-1-2{height: 287.5px}\n    #banner-grid-1207132219 .grid-col-1-3{height:191.66666666667px}\n    #banner-grid-1207132219 .grid-col-2-3{height: 383.33333333333px}\n    #banner-grid-1207132219 .grid-col-1-4{height: 143.75px}\n    #banner-grid-1207132219 .grid-col-3-4{height: 431.25px}\n\n\n    \n    \n\n  <\/style>\n    <\/div>\n  \n\n","protected":false},"excerpt":{"rendered":"F\u00fatbol... MASCULINO F\u00fatbol... FEMENINO TODAS LAS EDADES &nbsp; COMPA\u00d1ERISMO Y CAMADARERIA","protected":false},"author":1,"featured_media":0,"parent":0,"menu_order":0,"comment_status":"closed","ping_status":"closed","template":"page-blank.php","meta":{"footnotes":""},"class_list":["post-162","page","type-page","status-publish","hentry"],"_links":{"self":[{"href":"https:\/\/viloclub.com.ar\/index.php\/wp-json\/wp\/v2\/pages\/162","targetHints":{"allow":["GET"]}}],"collection":[{"href":"https:\/\/viloclub.com.ar\/index.php\/wp-json\/wp\/v2\/pages"}],"about":[{"href":"https:\/\/viloclub.com.ar\/index.php\/wp-json\/wp\/v2\/types\/page"}],"author":[{"embeddable":true,"href":"https:\/\/viloclub.com.ar\/index.php\/wp-json\/wp\/v2\/users\/1"}],"replies":[{"embeddable":true,"href":"https:\/\/viloclub.com.ar\/index.php\/wp-json\/wp\/v2\/comments?post=162"}],"version-history":[{"count":39,"href":"https:\/\/viloclub.com.ar\/index.php\/wp-json\/wp\/v2\/pages\/162\/revisions"}],"predecessor-version":[{"id":417,"href":"https:\/\/viloclub.com.ar\/index.php\/wp-json\/wp\/v2\/pages\/162\/revisions\/417"}],"wp:attachment":[{"href":"https:\/\/viloclub.com.ar\/index.php\/wp-json\/wp\/v2\/media?parent=162"}],"curies":[{"name":"wp","href":"https:\/\/api.w.org\/{rel}","templated":true}]}}